{"id":1247,"date":"2025-07-18T18:33:54","date_gmt":"2025-07-18T15:33:54","guid":{"rendered":"https:\/\/www.yigilcaasm.com\/?page_id=1247"},"modified":"2025-07-18T18:33:54","modified_gmt":"2025-07-18T15:33:54","slug":"duzce-nobetci-eczaneler","status":"publish","type":"page","link":"https:\/\/www.yigilcaasm.com\/?page_id=1247","title":{"rendered":"D\u00fczce N\u00f6bet\u00e7i Eczaneler"},"content":{"rendered":"\n<p>D\u00fczce \u015fehrimizde bulunan aile sa\u011fl\u0131\u011f\u0131 merkezimizin hizmetleri aras\u0131nda, acil durumlarda ula\u015fabilece\u011finiz n\u00f6bet\u00e7i eczaneler listesi yer almaktad\u0131r. Aile sa\u011fl\u0131\u011f\u0131 merkezimizin yan\u0131 s\u0131ra, D\u00fczce \u015fehrinde size en yak\u0131n n\u00f6bet\u00e7i eczaneyi kolayca bulabilece\u011finiz bu listede, sa\u011fl\u0131k ihtiya\u00e7lar\u0131n\u0131z\u0131 zaman\u0131nda ve g\u00fcvenle kar\u015f\u0131layabilirsiniz.<\/p>\n\n\n\n<p>N\u00f6bet\u00e7i eczaneler listesi s\u00fcrekli g\u00fcncellenmektedir, bu nedenle acil durumlarda ihtiyac\u0131n\u0131z olan eczaneyi bulmak i\u00e7in sitemizi d\u00fczenli olarak ziyaret etmenizi \u00f6neririz. D\u00fczce \u015fehrimizin aile sa\u011fl\u0131\u011f\u0131 merkezi olarak size sunaca\u011f\u0131 en iyi hizmet i\u00e7in buraday\u0131z. Sa\u011fl\u0131k herkesin hakk\u0131d\u0131r, biz de sa\u011fl\u0131\u011f\u0131n\u0131z\u0131 korumak i\u00e7in D\u00fczce&#8217;de yan\u0131n\u0131zday\u0131z.<\/p>\n\n\n<div class=\"gb-container gb-container-58f55ad4\">\n<div class=\"gb-container gb-container-8f56a6d2\">\n<p><!-- Eczaneleri.NET N\u00f6bet\u00e7i Eczane Widget--><\/p>\n<div class=\"pharmacy-container\"><\/div>\n<p><script>\nconst pharmacyiFrame = {\n\"color1\":\"black\",\n\"color2\":\"black\",\n\"city\":\"duzce\",\n\"county\":\"merkez\",\n\"type\":\"default-iframe\",\n\"width\":2350,\n\"height\":1500\n}\n<\/script><br \/>\n<script src=\"https:\/\/eczaneleri.net\/asset\/eczane\/js\/iframe\/iframe.js\" type=\"text\/javascript\" async><\/script><br \/>\n<!-- Eczaneleri.NET N\u00f6bet\u00e7i Eczane Widget--><\/p>\n\n<\/div>\n<\/div>","protected":false},"excerpt":{"rendered":"<p>D\u00fczce \u015fehrimizde bulunan aile sa\u011fl\u0131\u011f\u0131 merkezimizin hizmetleri aras\u0131nda, acil durumlarda ula\u015fabilece\u011finiz n\u00f6bet\u00e7i eczaneler listesi yer almaktad\u0131r. Aile sa\u011fl\u0131\u011f\u0131 merkezimizin yan\u0131 s\u0131ra, D\u00fczce \u015fehrinde size en &#8230; <a title=\"D\u00fczce N\u00f6bet\u00e7i Eczaneler\" class=\"read-more\" href=\"https:\/\/www.yigilcaasm.com\/?page_id=1247\" aria-label=\"Read more about D\u00fczce N\u00f6bet\u00e7i Eczaneler\">Read more<\/a><\/p>\n","protected":false},"author":1,"featured_media":0,"parent":0,"menu_order":0,"comment_status":"closed","ping_status":"closed","template":"","meta":{"footnotes":""},"class_list":["post-1247","page","type-page","status-publish"],"_links":{"self":[{"href":"https:\/\/www.yigilcaasm.com\/index.php?rest_route=\/wp\/v2\/pages\/1247","targetHints":{"allow":["GET"]}}],"collection":[{"href":"https:\/\/www.yigilcaasm.com\/index.php?rest_route=\/wp\/v2\/pages"}],"about":[{"href":"https:\/\/www.yigilcaasm.com\/index.php?rest_route=\/wp\/v2\/types\/page"}],"author":[{"embeddable":true,"href":"https:\/\/www.yigilcaasm.com\/index.php?rest_route=\/wp\/v2\/users\/1"}],"replies":[{"embeddable":true,"href":"https:\/\/www.yigilcaasm.com\/index.php?rest_route=%2Fwp%2Fv2%2Fcomments&post=1247"}],"version-history":[{"count":1,"href":"https:\/\/www.yigilcaasm.com\/index.php?rest_route=\/wp\/v2\/pages\/1247\/revisions"}],"predecessor-version":[{"id":1248,"href":"https:\/\/www.yigilcaasm.com\/index.php?rest_route=\/wp\/v2\/pages\/1247\/revisions\/1248"}],"wp:attachment":[{"href":"https:\/\/www.yigilcaasm.com\/index.php?rest_route=%2Fwp%2Fv2%2Fmedia&parent=1247"}],"curies":[{"name":"wp","href":"https:\/\/api.w.org\/{rel}","templated":true}]}}